{"id":12,"date":"2025-10-22T21:32:26","date_gmt":"2025-10-23T00:32:26","guid":{"rendered":"https:\/\/minhaprimeirapagina.studio1973web.com\/?page_id=12"},"modified":"2025-10-22T21:32:41","modified_gmt":"2025-10-23T00:32:41","slug":"sobre","status":"publish","type":"page","link":"https:\/\/minhaprimeirapagina.studio1973web.com\/index.php\/sobre\/","title":{"rendered":"Sobre"},"content":{"rendered":"\n<p>Este \u00e9 o in\u00edcio da minha jornada como criadora de sites e conte\u00fados.<\/p>\n\n\n\n<p><\/p>\n","protected":false},"excerpt":{"rendered":"<p>Este \u00e9 o in\u00edcio da minha jornada como criadora de sites e conte\u00fados.<\/p>\n","protected":false},"author":1,"featured_media":0,"parent":0,"menu_order":0,"comment_status":"closed","ping_status":"closed","template":"","meta":{"footnotes":""},"class_list":["post-12","page","type-page","status-publish","hentry"],"yoast_head":"<!-- This site is optimized with the Yoast SEO plugin v26.6 - https:\/\/yoast.com\/wordpress\/plugins\/seo\/ -->\n<title>Sobre - Minha Primeira Pagina<\/title>\n<meta name=\"robots\" content=\"noindex, follow, max-snippet:-1, max-image-preview:large, max-video-preview:-1\" \/>\n<meta property=\"og:locale\" content=\"pt_BR\" \/>\n<meta property=\"og:type\" content=\"article\" \/>\n<meta property=\"og:title\" content=\"Sobre - Minha Primeira Pagina\" \/>\n<meta property=\"og:description\" content=\"Este \u00e9 o in\u00edcio da minha jornada como criadora de sites e conte\u00fados.\" \/>\n<meta property=\"og:url\" content=\"https:\/\/minhaprimeirapagina.studio1973web.com\/index.php\/sobre\/\" \/>\n<meta property=\"og:site_name\" content=\"Minha Primeira Pagina\" \/>\n<meta property=\"article:modified_time\" content=\"2025-10-23T00:32:41+00:00\" \/>\n<meta name=\"twitter:card\" content=\"summary_large_image\" \/>\n<script type=\"application\/ld+json\" class=\"yoast-schema-graph\">{\"@context\":\"https:\/\/schema.org\",\"@graph\":[{\"@type\":\"WebPage\",\"@id\":\"https:\/\/minhaprimeirapagina.studio1973web.com\/index.php\/sobre\/\",\"url\":\"https:\/\/minhaprimeirapagina.studio1973web.com\/index.php\/sobre\/\",\"name\":\"Sobre - Minha Primeira Pagina\",\"isPartOf\":{\"@id\":\"https:\/\/minhaprimeirapagina.studio1973web.com\/#website\"},\"datePublished\":\"2025-10-23T00:32:26+00:00\",\"dateModified\":\"2025-10-23T00:32:41+00:00\",\"breadcrumb\":{\"@id\":\"https:\/\/minhaprimeirapagina.studio1973web.com\/index.php\/sobre\/#breadcrumb\"},\"inLanguage\":\"pt-BR\",\"potentialAction\":[{\"@type\":\"ReadAction\",\"target\":[\"https:\/\/minhaprimeirapagina.studio1973web.com\/index.php\/sobre\/\"]}]},{\"@type\":\"BreadcrumbList\",\"@id\":\"https:\/\/minhaprimeirapagina.studio1973web.com\/index.php\/sobre\/#breadcrumb\",\"itemListElement\":[{\"@type\":\"ListItem\",\"position\":1,\"name\":\"In\u00edcio\",\"item\":\"https:\/\/minhaprimeirapagina.studio1973web.com\/\"},{\"@type\":\"ListItem\",\"position\":2,\"name\":\"Sobre\"}]},{\"@type\":\"WebSite\",\"@id\":\"https:\/\/minhaprimeirapagina.studio1973web.com\/#website\",\"url\":\"https:\/\/minhaprimeirapagina.studio1973web.com\/\",\"name\":\"Minha Primeira Pagina\",\"description\":\"\",\"potentialAction\":[{\"@type\":\"SearchAction\",\"target\":{\"@type\":\"EntryPoint\",\"urlTemplate\":\"https:\/\/minhaprimeirapagina.studio1973web.com\/?s={search_term_string}\"},\"query-input\":{\"@type\":\"PropertyValueSpecification\",\"valueRequired\":true,\"valueName\":\"search_term_string\"}}],\"inLanguage\":\"pt-BR\"}]}<\/script>\n<!-- \/ Yoast SEO plugin. -->","yoast_head_json":{"title":"Sobre - Minha Primeira Pagina","robots":{"index":"noindex","follow":"follow","max-snippet":"max-snippet:-1","max-image-preview":"max-image-preview:large","max-video-preview":"max-video-preview:-1"},"og_locale":"pt_BR","og_type":"article","og_title":"Sobre - Minha Primeira Pagina","og_description":"Este \u00e9 o in\u00edcio da minha jornada como criadora de sites e conte\u00fados.","og_url":"https:\/\/minhaprimeirapagina.studio1973web.com\/index.php\/sobre\/","og_site_name":"Minha Primeira Pagina","article_modified_time":"2025-10-23T00:32:41+00:00","twitter_card":"summary_large_image","schema":{"@context":"https:\/\/schema.org","@graph":[{"@type":"WebPage","@id":"https:\/\/minhaprimeirapagina.studio1973web.com\/index.php\/sobre\/","url":"https:\/\/minhaprimeirapagina.studio1973web.com\/index.php\/sobre\/","name":"Sobre - Minha Primeira Pagina","isPartOf":{"@id":"https:\/\/minhaprimeirapagina.studio1973web.com\/#website"},"datePublished":"2025-10-23T00:32:26+00:00","dateModified":"2025-10-23T00:32:41+00:00","breadcrumb":{"@id":"https:\/\/minhaprimeirapagina.studio1973web.com\/index.php\/sobre\/#breadcrumb"},"inLanguage":"pt-BR","potentialAction":[{"@type":"ReadAction","target":["https:\/\/minhaprimeirapagina.studio1973web.com\/index.php\/sobre\/"]}]},{"@type":"BreadcrumbList","@id":"https:\/\/minhaprimeirapagina.studio1973web.com\/index.php\/sobre\/#breadcrumb","itemListElement":[{"@type":"ListItem","position":1,"name":"In\u00edcio","item":"https:\/\/minhaprimeirapagina.studio1973web.com\/"},{"@type":"ListItem","position":2,"name":"Sobre"}]},{"@type":"WebSite","@id":"https:\/\/minhaprimeirapagina.studio1973web.com\/#website","url":"https:\/\/minhaprimeirapagina.studio1973web.com\/","name":"Minha Primeira Pagina","description":"","potentialAction":[{"@type":"SearchAction","target":{"@type":"EntryPoint","urlTemplate":"https:\/\/minhaprimeirapagina.studio1973web.com\/?s={search_term_string}"},"query-input":{"@type":"PropertyValueSpecification","valueRequired":true,"valueName":"search_term_string"}}],"inLanguage":"pt-BR"}]}},"_links":{"self":[{"href":"https:\/\/minhaprimeirapagina.studio1973web.com\/index.php\/wp-json\/wp\/v2\/pages\/12","targetHints":{"allow":["GET"]}}],"collection":[{"href":"https:\/\/minhaprimeirapagina.studio1973web.com\/index.php\/wp-json\/wp\/v2\/pages"}],"about":[{"href":"https:\/\/minhaprimeirapagina.studio1973web.com\/index.php\/wp-json\/wp\/v2\/types\/page"}],"author":[{"embeddable":true,"href":"https:\/\/minhaprimeirapagina.studio1973web.com\/index.php\/wp-json\/wp\/v2\/users\/1"}],"replies":[{"embeddable":true,"href":"https:\/\/minhaprimeirapagina.studio1973web.com\/index.php\/wp-json\/wp\/v2\/comments?post=12"}],"version-history":[{"count":2,"href":"https:\/\/minhaprimeirapagina.studio1973web.com\/index.php\/wp-json\/wp\/v2\/pages\/12\/revisions"}],"predecessor-version":[{"id":14,"href":"https:\/\/minhaprimeirapagina.studio1973web.com\/index.php\/wp-json\/wp\/v2\/pages\/12\/revisions\/14"}],"wp:attachment":[{"href":"https:\/\/minhaprimeirapagina.studio1973web.com\/index.php\/wp-json\/wp\/v2\/media?parent=12"}],"curies":[{"name":"wp","href":"https:\/\/api.w.org\/{rel}","templated":true}]}}